{"id":29030,"date":"2026-02-04T18:08:10","date_gmt":"2026-02-04T18:08:10","guid":{"rendered":"https:\/\/pelleblinds.com\/12\/?post_type=product&#038;p=29030"},"modified":"2026-02-19T12:31:39","modified_gmt":"2026-02-19T12:31:39","slug":"mforce2-1000w-fonksiyonel-guc-kaynagi","status":"publish","type":"product","link":"https:\/\/www.kontal.com\/en\/product\/mforce2-1000w-fonksiyonel-guc-kaynagi\/","title":{"rendered":"MFORCE2 1000W - Functional Power Supply"},"content":{"rendered":"<div>Remote controlled functional power supplies will be an indispensable solution against power outages in your applications. Our product is sold in 3 models for your needs:<\/div>\n<div>* VFORCE - 1000W UPS: It is a power supply model that can be controlled by remote control and gives 220V AC output.<\/div>\n<div>* MFORCE - 1000W Shutter Opener with UPS: It is a motor-driven power supply that allows you to use your automatic shutter system in power outages.<\/div>\n<div>* MFORCE2 - Double Shutter Opener with 1000W UPS: Unlike the MForce model, it is a power supply that can drive two motors respectively. It allows you to control 2 shutter systems with a single UPS.<\/div>\n<div>While these products provide energy from the network in case of electricity, they use the batteries inside during the interruption.<\/div>\n<div>* The UPS is activated 4 seconds after pressing the control.<\/div>\n<div>* In order for the batteries to have a long life, at least 1 time per month, the system must experience a power outage and work over the batteries. If your system does not work over the battery in a period of 1 month, manually disconnect the electricity connection and close and open your shutter via UPS.<\/div>\n<div><\/div>\n<div>Areas of Use;<\/div>\n<ul>\n<li>Shutter systems<\/li>\n<li>Roller shutter applications<\/li>\n<\/ul>\n<hr style=\"width: 30%;\" \/>\n<p><a href=\"https:\/\/drive.google.com\/open?id=1lpP5KsNUhUa029PXmu0xyboMMkruDBkQ\" target=\"_blank\" rel=\"noopener\"><img decoding=\"async\" src=\"http:\/\/www.kontal.com\/wp-content\/uploads\/2018\/03\/pdf-icon-png-16x16-pictures-26.png\" width=\"30px\" \/> <\/a>Turkish User Manual<\/p>\n<hr style=\"width: 30%;\" \/>\n<p><a href=\"https:\/\/drive.google.com\/open?id=1ZPFm3qAi0S22Vis5SckaBvcrjpnBn2yg\" target=\"_blank\" rel=\"noopener\"><img decoding=\"async\" src=\"http:\/\/www.kontal.com\/wp-content\/uploads\/2018\/03\/pdf-icon-png-16x16-pictures-26.png\" width=\"30px\" \/> <\/a>English User Manual<\/p>","protected":false},"excerpt":{"rendered":"<table width=\"0\">\n<tbody>\n<tr>\n<td colspan=\"3\" width=\"672\"><strong>TECHNICAL SPECIFICATIONS<\/strong><\/td>\n<\/tr>\n<tr>\n<td width=\"273\"><strong>Model<\/strong><\/td>\n<td width=\"21\">:<\/td>\n<td width=\"378\">MFORCE2<\/td>\n<\/tr>\n<tr>\n<td width=\"273\"><strong>Product Code<\/strong><\/td>\n<td width=\"21\">:<\/td>\n<td width=\"378\">K040-01<\/td>\n<\/tr>\n<tr>\n<td width=\"273\"><strong>Output Type<\/strong><\/td>\n<td width=\"21\">:<\/td>\n<td width=\"378\">\u00c7ift AC Motor S\u00fcr\u00fcc\u00fc<\/td>\n<\/tr>\n<tr>\n<td width=\"273\"><strong>Operating Voltage<\/strong><\/td>\n<td width=\"21\">:<\/td>\n<td width=\"378\">220V AC 50Hz<\/td>\n<\/tr>\n<tr>\n<td width=\"273\"><strong>Output Voltage<\/strong><\/td>\n<td width=\"21\">:<\/td>\n<td width=\"378\">220V (\u00b1 %10) 50Hz<\/td>\n<\/tr>\n<tr>\n<td width=\"273\"><strong>Output Waveform<\/strong><\/td>\n<td width=\"21\">:<\/td>\n<td width=\"378\">Modified Sinus<\/td>\n<\/tr>\n<tr>\n<td width=\"273\"><strong>Battery Model<\/strong><\/td>\n<td width=\"21\">:<\/td>\n<td width=\"378\">Maintenance Free Dry Type UPS Battery<\/td>\n<\/tr>\n<tr>\n<td width=\"273\"><strong>Battery Number<\/strong><\/td>\n<td width=\"21\">:<\/td>\n<td width=\"378\">2 x 12V \/ 9Ah<\/td>\n<\/tr>\n<tr>\n<td width=\"273\"><strong>Battery Charging Time<\/strong><\/td>\n<td width=\"21\">:<\/td>\n<td width=\"378\">24 hours<\/td>\n<\/tr>\n<tr>\n<td width=\"273\"><strong>Operating Temperature<\/strong><\/td>\n<td width=\"21\">:<\/td>\n<td width=\"378\">0 - 40 \u00b0C<\/td>\n<\/tr>\n<tr>\n<td width=\"273\"><strong>Protection<\/strong><\/td>\n<td width=\"21\">:<\/td>\n<td width=\"378\">Over Load Protection<\/p>\n<p>Automatic Switch Off When Voltage Level Decreases<\/td>\n<\/tr>\n<tr>\n<td width=\"273\"><strong>Control <\/strong><\/td>\n<td width=\"21\">:<\/td>\n<td width=\"378\">Remote Control<\/td>\n<\/tr>\n<tr>\n<td width=\"273\"><strong>Max. Contact Withdrawal Time<\/strong><\/td>\n<td width=\"21\">:<\/td>\n<td width=\"378\">120sec with mains \/ 60sec with battery<\/td>\n<\/tr>\n<tr>\n<td width=\"273\"><strong>Weight<\/strong><\/td>\n<td width=\"21\">:<\/td>\n<td width=\"378\">7.2kg<\/td>\n<\/tr>\n<tr>\n<td width=\"273\"><strong>Dimensions (Width x Length x Depth)<\/strong><\/td>\n<td width=\"21\">:<\/td>\n<td width=\"378\">227 x 345 x 93mm<\/td>\n<\/tr>\n<tr>\n<td width=\"39%\"><strong>Number of Controllers<\/strong><\/td>\n<td width=\"2%\">:<\/td>\n<td width=\"57%\">35<\/td>\n<\/tr>\n<\/tbody>\n<\/table>","protected":false},"featured_media":29082,"template":"","meta":[],"product_brand":[],"product_cat":[116],"product_tag":[81],"class_list":{"0":"post-29030","1":"product","2":"type-product","3":"status-publish","4":"has-post-thumbnail","6":"product_cat-fonksiyonel-guc-kaynaklari","7":"product_tag-panjur","9":"first","10":"instock","11":"shipping-taxable","12":"product-type-simple"},"_links":{"self":[{"href":"https:\/\/www.kontal.com\/en\/wp-json\/wp\/v2\/product\/29030","targetHints":{"allow":["GET"]}}],"collection":[{"href":"https:\/\/www.kontal.com\/en\/wp-json\/wp\/v2\/product"}],"about":[{"href":"https:\/\/www.kontal.com\/en\/wp-json\/wp\/v2\/types\/product"}],"version-history":[{"count":2,"href":"https:\/\/www.kontal.com\/en\/wp-json\/wp\/v2\/product\/29030\/revisions"}],"predecessor-version":[{"id":30084,"href":"https:\/\/www.kontal.com\/en\/wp-json\/wp\/v2\/product\/29030\/revisions\/30084"}],"wp:featuredmedia":[{"embeddable":true,"href":"https:\/\/www.kontal.com\/en\/wp-json\/wp\/v2\/media\/29082"}],"wp:attachment":[{"href":"https:\/\/www.kontal.com\/en\/wp-json\/wp\/v2\/media?parent=29030"}],"wp:term":[{"taxonomy":"product_brand","embeddable":true,"href":"https:\/\/www.kontal.com\/en\/wp-json\/wp\/v2\/product_brand?post=29030"},{"taxonomy":"product_cat","embeddable":true,"href":"https:\/\/www.kontal.com\/en\/wp-json\/wp\/v2\/product_cat?post=29030"},{"taxonomy":"product_tag","embeddable":true,"href":"https:\/\/www.kontal.com\/en\/wp-json\/wp\/v2\/product_tag?post=29030"}],"curies":[{"name":"wp","href":"https:\/\/api.w.org\/{rel}","templated":true}]}}