{"id":29045,"date":"2026-02-04T18:08:11","date_gmt":"2026-02-04T18:08:11","guid":{"rendered":"https:\/\/pelleblinds.com\/12\/?post_type=product&#038;p=29045"},"modified":"2026-02-04T18:10:10","modified_gmt":"2026-02-04T18:10:10","slug":"rolan4b-4-kanalli-degisken-kodlu-kumanda","status":"publish","type":"product","link":"https:\/\/www.kontal.com\/en\/product\/rolan4b-4-kanalli-degisken-kodlu-kumanda\/","title":{"rendered":"ROLAN4B - 4 Channel Variable Code Controller"},"content":{"rendered":"<div>4 Butonlu (kanall\u0131), de\u011fi\u015fken (Rolling) kodlu, 433.92 MHz. \u00e7al\u0131\u015fma frekans\u0131na sahip bir kumandad\u0131r.10 Milyon buton bas\u0131m \u00f6mr\u00fc (260 Gr\/Force)ile yo\u011fun kullan\u0131ma uygun. M\u0131knat\u0131sl\u0131 duvar aparat\u0131 ve elde ta\u015f\u0131ma aksesuar\u0131 ile rahat kullan\u0131m. Kumanda programlay\u0131c\u0131 ile kullan\u0131ma uygundur.<\/div>\n<div><\/div>\n<div>Areas of Use;<\/div>\n<ul>\n<li>Shutter systems<\/li>\n<li>Roller shutter applications<\/li>\n<li>Barrier systems<\/li>\n<li>Sliding garden gate systems<\/li>\n<li>Rising bollard systems<\/li>\n<li>Industrial and fast pvc door systems<\/li>\n<\/ul>\n<hr style=\"width: 30%;\" \/>\n<p><a href=\"https:\/\/drive.google.com\/open?id=1ParlHnRFeKldpnxD7tqTRofXTeY_ll-E\" target=\"_blank\" rel=\"noopener\"><img decoding=\"async\" src=\"http:\/\/www.kontal.com\/wp-content\/uploads\/2018\/03\/pdf-icon-png-16x16-pictures-26.png\" width=\"30px\" \/> <\/a>Turkish User Manual<\/p>\n<hr style=\"width: 30%;\" \/>\n<p><a href=\"https:\/\/drive.google.com\/open?id=1QaXXm5tZJ2X5Yz7PdqctgMAFQdRecdZv\" target=\"_blank\" rel=\"noopener\"><img decoding=\"async\" src=\"http:\/\/www.kontal.com\/wp-content\/uploads\/2018\/03\/pdf-icon-png-16x16-pictures-26.png\" width=\"30px\" \/> <\/a>English User Manual<\/p>","protected":false},"excerpt":{"rendered":"<table width=\"0\">\n<tbody>\n<tr>\n<td colspan=\"3\" width=\"671\"><strong>TECHNICAL SPECIFICATIONS<\/strong><\/td>\n<\/tr>\n<tr>\n<td width=\"246\"><strong>Model<\/strong><\/td>\n<td width=\"19\">:<\/td>\n<td width=\"406\">ROLAN4B<\/td>\n<\/tr>\n<tr>\n<td width=\"246\"><strong>Product Code<\/strong><\/td>\n<td width=\"19\">:<\/td>\n<td width=\"406\">K072-01<\/td>\n<\/tr>\n<tr>\n<td width=\"246\"><strong>Number of Channels<\/strong><\/td>\n<td width=\"19\">:<\/td>\n<td width=\"406\">4<\/td>\n<\/tr>\n<tr>\n<td width=\"246\"><strong>Boyutlar* (<\/strong>Width x Length x Depth<strong>)<\/strong><\/td>\n<td width=\"19\">:<\/td>\n<td width=\"406\">157 x 96 x 47mm<\/td>\n<\/tr>\n<tr>\n<td width=\"246\"><strong>Weight<\/strong><\/td>\n<td width=\"19\">:<\/td>\n<td width=\"406\">90.8 gr<\/td>\n<\/tr>\n<tr>\n<td width=\"246\"><strong>Battery Type<\/strong><\/td>\n<td width=\"19\">:<\/td>\n<td width=\"406\">9V<\/td>\n<\/tr>\n<tr>\n<td width=\"246\"><strong>Code Type<\/strong><\/td>\n<td width=\"19\">:<\/td>\n<td width=\"406\">Variable<\/td>\n<\/tr>\n<tr>\n<td width=\"246\"><strong>Slider<\/strong><\/td>\n<td width=\"19\">:<\/td>\n<td width=\"406\">-<\/td>\n<\/tr>\n<tr>\n<td width=\"246\"><strong>Programmable<\/strong><\/td>\n<td width=\"19\">:<\/td>\n<td width=\"406\">+<\/td>\n<\/tr>\n<tr>\n<td width=\"246\"><strong>Operating Frequency<\/strong><\/td>\n<td width=\"19\">:<\/td>\n<td width=\"406\">433.92MHz<\/td>\n<\/tr>\n<tr>\n<td width=\"246\"><strong>Output Power<\/strong><\/td>\n<td width=\"19\">:<\/td>\n<td width=\"406\">~5mW<\/td>\n<\/tr>\n<tr>\n<td width=\"246\"><strong>Average Current<\/strong><\/td>\n<td width=\"19\">:<\/td>\n<td width=\"406\">~5mA<\/td>\n<\/tr>\n<tr>\n<td width=\"246\"><strong>Working Distance**<\/strong><\/td>\n<td width=\"19\">:<\/td>\n<td width=\"406\">&lt;50m<\/td>\n<\/tr>\n<tr>\n<td width=\"246\"><strong>Buton \u00d6mr\u00fc<\/strong><\/td>\n<td width=\"19\">:<\/td>\n<td width=\"406\">10.000.000 (5V &#8211; 5mA 260gr\/force i\u00e7in)<\/td>\n<\/tr>\n<tr>\n<td colspan=\"3\" width=\"671\">* E: En, B: Height, D: Depth<\/td>\n<\/tr>\n<tr>\n<td colspan=\"3\" width=\"671\">** The operating distance varies according to the environment and weather conditions in which the remote control is used.<\/td>\n<\/tr>\n<\/tbody>\n<\/table>","protected":false},"featured_media":29167,"template":"","meta":[],"product_brand":[],"product_cat":[75],"product_tag":[],"class_list":{"0":"post-29045","1":"product","2":"type-product","3":"status-publish","4":"has-post-thumbnail","6":"product_cat-rolan-serisi-433-mhz","8":"first","9":"instock","10":"shipping-taxable","11":"product-type-simple"},"_links":{"self":[{"href":"https:\/\/www.kontal.com\/en\/wp-json\/wp\/v2\/product\/29045","targetHints":{"allow":["GET"]}}],"collection":[{"href":"https:\/\/www.kontal.com\/en\/wp-json\/wp\/v2\/product"}],"about":[{"href":"https:\/\/www.kontal.com\/en\/wp-json\/wp\/v2\/types\/product"}],"version-history":[{"count":1,"href":"https:\/\/www.kontal.com\/en\/wp-json\/wp\/v2\/product\/29045\/revisions"}],"predecessor-version":[{"id":29168,"href":"https:\/\/www.kontal.com\/en\/wp-json\/wp\/v2\/product\/29045\/revisions\/29168"}],"wp:featuredmedia":[{"embeddable":true,"href":"https:\/\/www.kontal.com\/en\/wp-json\/wp\/v2\/media\/29167"}],"wp:attachment":[{"href":"https:\/\/www.kontal.com\/en\/wp-json\/wp\/v2\/media?parent=29045"}],"wp:term":[{"taxonomy":"product_brand","embeddable":true,"href":"https:\/\/www.kontal.com\/en\/wp-json\/wp\/v2\/product_brand?post=29045"},{"taxonomy":"product_cat","embeddable":true,"href":"https:\/\/www.kontal.com\/en\/wp-json\/wp\/v2\/product_cat?post=29045"},{"taxonomy":"product_tag","embeddable":true,"href":"https:\/\/www.kontal.com\/en\/wp-json\/wp\/v2\/product_tag?post=29045"}],"curies":[{"name":"wp","href":"https:\/\/api.w.org\/{rel}","templated":true}]}}