{"id":29052,"date":"2026-02-04T18:08:12","date_gmt":"2026-02-04T18:08:12","guid":{"rendered":"https:\/\/pelleblinds.com\/12\/?post_type=product&#038;p=29052"},"modified":"2026-02-04T18:11:22","modified_gmt":"2026-02-04T18:11:22","slug":"mef-mini-emniyet-fotoseli","status":"publish","type":"product","link":"https:\/\/www.kontal.com\/en\/product\/mef-mini-emniyet-fotoseli\/","title":{"rendered":"MEF - Mini Safety Photocell"},"content":{"rendered":"<p><span id=\"ContentPlaceHolder1_D_URUNACIKLAMA\">Mini Emniyet Fotoseli<\/span><\/p>\n<p>Bu \u00fcr\u00fcn \u015firketimizin \u00fcretmi\u015f oldu\u011fu <strong>RKAF<\/strong> (\u00dcr\u00fcn Kodu: K018-01), <strong>WPA<\/strong> (\u00dcr\u00fcn Kodu: K184-01) ve <strong>QULP S<\/strong> (\u00dcr\u00fcn Kodu: K144-01) kartlar\u0131yla \u00e7al\u0131\u015fmak \u00fczere \u00f6zel olarak geli\u015ftirilmi\u015ftir. MEF Yaln\u0131zca bu kartlardan biriyle kullan\u0131labilecek \u00f6zel bir emniyet fotoselidir.<\/p>\n<p>Ba\u011flant\u0131 \u015femas\u0131 ve kullan\u0131m k\u0131lavuzu olarak yukar\u0131da say\u0131lm\u0131\u015f \u00fcr\u00fcnlerin kullan\u0131m k\u0131lavuzlar\u0131na bakman\u0131z gerekmektedir. Bu \u00fcr\u00fcnlere a\u015fa\u011f\u0131daki linkler vas\u0131tas\u0131yla ula\u015fabilirsiniz.<\/p>","protected":false},"excerpt":{"rendered":"<table width=\"0\">\n<tbody>\n<tr>\n<td colspan=\"3\" width=\"699\"><strong>TECHNICAL SPECIFICATIONS<\/strong><\/td>\n<\/tr>\n<tr>\n<td width=\"264\"><strong>Model<\/strong><\/td>\n<td width=\"18\">:<\/td>\n<td width=\"417\">MEFA<\/td>\n<\/tr>\n<tr>\n<td width=\"264\"><strong>Product Code<\/strong><\/td>\n<td width=\"18\">:<\/td>\n<td width=\"417\">K058-01 \/ MEFV (Verici) : K059-01<\/td>\n<\/tr>\n<tr>\n<td width=\"264\"><strong>Operating Voltage<\/strong><\/td>\n<td width=\"18\">:<\/td>\n<td width=\"417\">5V DC<\/td>\n<\/tr>\n<tr>\n<td width=\"264\"><strong>Operation Current<\/strong><\/td>\n<td width=\"18\">:<\/td>\n<td width=\"417\">7mA @5V DC<\/td>\n<\/tr>\n<tr>\n<td width=\"264\"><strong>Number of Eyes (Zone, Beam)<\/strong><\/td>\n<td width=\"18\">:<\/td>\n<td width=\"417\">1 Adet Al\u0131c\u0131 G\u00f6z<\/td>\n<\/tr>\n<tr>\n<td width=\"264\"><strong>Working Distance<\/strong><\/td>\n<td width=\"18\">:<\/td>\n<td width=\"417\">15m<\/td>\n<\/tr>\n<tr>\n<td width=\"264\"><strong>Operating Temperature<\/strong><\/td>\n<td width=\"18\">:<\/td>\n<td width=\"417\">-20 <sup>o<\/sup>C +55 <sup>o<\/sup>C<\/td>\n<\/tr>\n<tr>\n<td width=\"264\"><strong>Weight(gr)<\/strong><\/td>\n<td width=\"18\">:<\/td>\n<td width=\"417\">34<\/td>\n<\/tr>\n<\/tbody>\n<\/table>\n<p>&nbsp;<\/p>","protected":false},"featured_media":29300,"template":"","meta":[],"product_brand":[],"product_cat":[99],"product_tag":[94,95,96,97,98],"class_list":{"0":"post-29052","1":"product","2":"type-product","3":"status-publish","4":"has-post-thumbnail","6":"product_cat-fotoseller","7":"product_tag-branda","8":"product_tag-cam","9":"product_tag-guvenlik","10":"product_tag-kapilar","11":"product_tag-sistemleri","13":"first","14":"instock","15":"shipping-taxable","16":"product-type-simple"},"_links":{"self":[{"href":"https:\/\/www.kontal.com\/en\/wp-json\/wp\/v2\/product\/29052","targetHints":{"allow":["GET"]}}],"collection":[{"href":"https:\/\/www.kontal.com\/en\/wp-json\/wp\/v2\/product"}],"about":[{"href":"https:\/\/www.kontal.com\/en\/wp-json\/wp\/v2\/types\/product"}],"version-history":[{"count":1,"href":"https:\/\/www.kontal.com\/en\/wp-json\/wp\/v2\/product\/29052\/revisions"}],"predecessor-version":[{"id":29301,"href":"https:\/\/www.kontal.com\/en\/wp-json\/wp\/v2\/product\/29052\/revisions\/29301"}],"wp:featuredmedia":[{"embeddable":true,"href":"https:\/\/www.kontal.com\/en\/wp-json\/wp\/v2\/media\/29300"}],"wp:attachment":[{"href":"https:\/\/www.kontal.com\/en\/wp-json\/wp\/v2\/media?parent=29052"}],"wp:term":[{"taxonomy":"product_brand","embeddable":true,"href":"https:\/\/www.kontal.com\/en\/wp-json\/wp\/v2\/product_brand?post=29052"},{"taxonomy":"product_cat","embeddable":true,"href":"https:\/\/www.kontal.com\/en\/wp-json\/wp\/v2\/product_cat?post=29052"},{"taxonomy":"product_tag","embeddable":true,"href":"https:\/\/www.kontal.com\/en\/wp-json\/wp\/v2\/product_tag?post=29052"}],"curies":[{"name":"wp","href":"https:\/\/api.w.org\/{rel}","templated":true}]}}