{"id":29129,"date":"2026-02-04T18:09:29","date_gmt":"2026-02-04T18:09:29","guid":{"rendered":"https:\/\/pelleblinds.com\/12\/?post_type=product&#038;p=29129"},"modified":"2026-03-04T11:33:07","modified_gmt":"2026-03-04T11:33:07","slug":"ts-1p-ts-2p-tosba-kablosuz-metal-kutle-dedektoru","status":"publish","type":"product","link":"https:\/\/www.kontal.com\/en\/product\/ts-1p-ts-2p-tosba-kablosuz-metal-kutle-dedektoru\/","title":{"rendered":"TS 1P \/ TS 2P (TOSBA) Wireless Metal Mass Detector"},"content":{"rendered":"<h2 style=\"color: #2c3e50;\">Wireless Metal Mass Detector System - Product Description<\/h2>\n<p style=\"font-family: Arial, sans-serif; color: #333; font-size: 16px; line-height: 1.6;\">Wireless Metal Mass Detector System consists of a controller and transmitter sensors defined in its memory. It is generally used in car park systems, site entrances, automatic opening and closing of barriers or automatic ticket cutting operations to detect whether there is a vehicle in the target area. In addition, it can also be used in industrial doors, bollard systems and PVC doors. The wireless detectors, which will be placed on the ground (Mole) or on the ground (Tosba) in a gap to be opened in ideal dimensions on the ground, communicate with the controller (TC) by detecting the density of the metal to be placed on it and the desired device (barrier, automatic door, bollard, etc.) is controlled by the relay or relays on the control card.<\/p>\n<p>*TS 1P modeli tek pil ile \u00e7al\u0131\u015fmakta olup g\u00fcnde 1000 ara\u00e7 ge\u00e7i\u015fi ortalamas\u0131nda ve s\u00fcrekli modda yakla\u015f\u0131k 4 y\u0131l s\u00fcreyle \u00e7al\u0131\u015fmaktad\u0131r. Pulse modunda ise yakla\u015f\u0131k 5 y\u0131l \u00e7al\u0131\u015fmaktad\u0131r. TS 2P modeli iki pil ile \u00e7al\u0131\u015fmakta olup g\u00fcnde 1000 ara\u00e7 ge\u00e7i\u015fi ortalamas\u0131nda ve s\u00fcrekli modda yakla\u015f\u0131k 8 y\u0131l s\u00fcreyle \u00e7al\u0131\u015fmaktad\u0131r. Pulse modunda ise yakla\u015f\u0131k 10 y\u0131l \u00e7al\u0131\u015fmaktad\u0131r. **\u00c7al\u0131\u015fma mesafesi \u00fcr\u00fcn\u00fcn kullan\u0131ld\u0131\u011f\u0131 ortama ve hava ko\u015fullar\u0131na g\u00f6re farkl\u0131l\u0131k g\u00f6sterebilmektedir.<br \/>\n*** Statik Y\u00fck Kald\u0131rma Limiti: 10.000 KG<\/p>\n<hr style=\"margin: 30px 0; border: none; border-top: 1px solid #ccc; width: 30%;\" \/>\n<div style=\"display: flex; flex-direction: column; gap: 16px; font-size: 18px;\">\n<div><a style=\"text-decoration: none; color: #2980b9; display: flex; align-items: center;\" href=\"https:\/\/www.kontal.com\/en\/docs\/TC\/TC%20HIZLI%20KURULUM%20KILAVUZU.pdf\/\" target=\"_blank\" rel=\"noopener noreferrer\"><br \/>\n<img decoding=\"async\" style=\"margin-right: 10px;\" src=\"http:\/\/www.kontal.com\/wp-content\/uploads\/2018\/03\/pdf-icon-png-16x16-pictures-26.png\" alt=\"PDF Icon\" width=\"36\" \/><br \/>\n<strong>Quick Installation Guide<\/strong><br \/>\n<\/a><\/div>\n<div><a style=\"text-decoration: none; color: #2980b9; display: flex; align-items: center;\" href=\"https:\/\/www.kontal.com\/en\/docs\/TC\/TC%20HIZLI%20KURULUM%20KILAVUZU%20ENG.pdf\/\" target=\"_blank\" rel=\"noopener noreferrer\"><br \/>\n<img decoding=\"async\" style=\"margin-right: 10px;\" src=\"http:\/\/www.kontal.com\/wp-content\/uploads\/2018\/03\/pdf-icon-png-16x16-pictures-26.png\" alt=\"PDF Icon\" width=\"36\" \/><br \/>\n<strong>Quick Setup Guide<\/strong><br \/>\n<\/a><\/div>\n<hr style=\"margin: 30px 0; border: none; border-top: 1px solid #ccc; width: 30%;\" \/>\n<div><a style=\"text-decoration: none; color: #2980b9; display: flex; align-items: center;\" href=\"https:\/\/www.kontal.com\/docs\/TC\/TOSBA_KullanimKilavuzu_V2_2.pdf\" target=\"_blank\" rel=\"noopener noreferrer\"><br \/>\n<img decoding=\"async\" style=\"margin-right: 10px;\" src=\"http:\/\/www.kontal.com\/wp-content\/uploads\/2018\/03\/pdf-icon-png-16x16-pictures-26.png\" alt=\"PDF Icon\" width=\"36\" \/><br \/>\n<strong>V2.0 Turkish User Manual<\/strong><br \/>\n<\/a><\/div>\n<div><a style=\"text-decoration: none; color: #2980b9; display: flex; align-items: center;\" href=\"https:\/\/www.kontal.com\/docs\/TC\/TOSBA_KullanimKilavuzu_V3.0.pdf\" target=\"_blank\" rel=\"noopener noreferrer\"><br \/>\n<img decoding=\"async\" style=\"margin-right: 10px;\" src=\"http:\/\/www.kontal.com\/wp-content\/uploads\/2018\/03\/pdf-icon-png-16x16-pictures-26.png\" alt=\"PDF Icon\" width=\"36\" \/><br \/>\n<strong>V3.0 Turkish User Manual<\/strong><br \/>\n<\/a><\/div>\n<hr style=\"margin: 30px 0; border: none; border-top: 1px solid #ccc; width: 30%;\" \/>\n<div><a style=\"text-decoration: none; color: #2980b9; display: flex; align-items: center;\" href=\"https:\/\/www.kontal.com\/docs\/TC\/TOSBA_UserManual_V2_2.pdf\" target=\"_blank\" rel=\"noopener noreferrer\"><br \/>\n<img decoding=\"async\" style=\"margin-right: 10px;\" src=\"http:\/\/www.kontal.com\/wp-content\/uploads\/2018\/03\/pdf-icon-png-16x16-pictures-26.png\" alt=\"PDF Icon\" width=\"36\" \/><br \/>\n<strong>V2.0 English User Manual<\/strong><br \/>\n<\/a><\/div>\n<div><a style=\"text-decoration: none; color: #2980b9; display: flex; align-items: center;\" href=\"https:\/\/www.kontal.com\/docs\/TC\/TOSBA_UserManual_V3.0.pdf\" target=\"_blank\" rel=\"noopener noreferrer\"><br \/>\n<img decoding=\"async\" style=\"margin-right: 10px;\" src=\"http:\/\/www.kontal.com\/wp-content\/uploads\/2018\/03\/pdf-icon-png-16x16-pictures-26.png\" alt=\"PDF Icon\" width=\"36\" \/><br \/>\n<strong>V3.0 English User Manual<\/strong><br \/>\n<\/a><\/div>\n<hr style=\"margin: 30px 0; border: none; border-top: 1px solid #ccc; width: 30%;\" \/>\n<div><a style=\"text-decoration: none; color: #27ae60; display: flex; align-items: center;\" href=\"https:\/\/www.kontal.com\/docs\/TC\/TC_CE.pdf\" target=\"_blank\" rel=\"noopener noreferrer\"><br \/>\n<img decoding=\"async\" style=\"margin-right: 10px;\" src=\"http:\/\/www.kontal.com\/wp-content\/uploads\/2018\/03\/ce-mark.png\" alt=\"CE Mark\" width=\"36\" \/><br \/>\n<strong>Declaration of Conformity<\/strong><br \/>\n<\/a><\/div>\n<div><a style=\"text-decoration: none; color: #282828; display: flex; align-items: center;\" href=\"https:\/\/www.kontal.com\/docs\/Tosba\/Tosba_IP68.pdf\" target=\"_blank\" rel=\"noopener noreferrer\"><br \/>\n<img decoding=\"async\" style=\"margin-right: 10px;\" src=\"https:\/\/www.kontal.com\/docs\/Tosba\/dust-rating-illustration.png\" alt=\"IP68 Icon\" width=\"30\" \/><br \/>\n<strong>IP68 Test Report<\/strong><br \/>\n<\/a><\/div>\n<\/div>","protected":false},"excerpt":{"rendered":"<table style=\"height: 487px; width: 508px; border-collapse: collapse;\">\n<tbody>\n<tr>\n<td style=\"width: 39%; font-weight: bold; padding: 8px;\">Model<\/td>\n<td style=\"width: 2%; padding: 8px;\">:<\/td>\n<td style=\"width: 57%; padding: 8px; font-weight: bold;\">TS 1P \/ TS 2P<\/td>\n<\/tr>\n<tr>\n<td style=\"width: 39%; font-weight: bold; padding: 8px;\">Product Code<\/td>\n<td style=\"width: 2%; padding: 8px;\">:<\/td>\n<td style=\"width: 57%; padding: 8px;\">K185-01 \/ K203-01<\/td>\n<\/tr>\n<tr>\n<td style=\"width: 39%; font-weight: bold; padding: 8px;\">Battery Type<\/td>\n<td style=\"width: 2%; padding: 8px;\">:<\/td>\n<td style=\"width: 57%; padding: 8px;\">3.6V DC*<\/td>\n<\/tr>\n<tr>\n<td style=\"width: 39%; font-weight: bold; padding: 8px;\">Operating Frequency<\/td>\n<td style=\"width: 2%; padding: 8px;\">:<\/td>\n<td style=\"width: 57%; padding: 8px;\">433.92 MHz<\/td>\n<\/tr>\n<tr>\n<td style=\"width: 39%; font-weight: bold; padding: 8px;\">Output Power<\/td>\n<td style=\"width: 2%; padding: 8px;\">:<\/td>\n<td style=\"width: 57%; padding: 8px;\">~0,06 W<\/td>\n<\/tr>\n<tr>\n<td style=\"width: 39%; font-weight: bold; padding: 8px;\">Maximum Current<\/td>\n<td style=\"width: 2%; padding: 8px;\">:<\/td>\n<td style=\"width: 57%; padding: 8px;\">17 mA<\/td>\n<\/tr>\n<tr>\n<td style=\"width: 39%; font-weight: bold; padding: 8px;\">IP Class<\/td>\n<td style=\"width: 2%; padding: 8px;\">:<\/td>\n<td style=\"width: 57%; padding: 8px;\">IP68<\/td>\n<\/tr>\n<tr>\n<td style=\"width: 39%; font-weight: bold; padding: 8px;\">Working Distance<\/td>\n<td style=\"width: 2%; padding: 8px;\">:<\/td>\n<td style=\"width: 57%; padding: 8px;\">&lt;35m**<\/td>\n<\/tr>\n<tr>\n<td style=\"width: 39%; font-weight: bold; padding: 8px;\">Operating Temperature<\/td>\n<td style=\"width: 2%; padding: 8px;\">:<\/td>\n<td style=\"width: 57%; padding: 8px;\">-25\u00b0C +55\u00b0C<\/td>\n<\/tr>\n<tr>\n<td style=\"width: 39%; font-weight: bold; padding: 8px;\">Weight<\/td>\n<td style=\"width: 2%; padding: 8px;\">:<\/td>\n<td style=\"width: 57%; padding: 8px;\">1128 gr. \/ 1178 gr.<\/td>\n<\/tr>\n<tr>\n<td style=\"width: 39%; font-weight: bold; padding: 8px;\">Dimensions<\/td>\n<td style=\"width: 2%; padding: 8px;\"><\/td>\n<td style=\"width: 57%; padding: 8px;\">245 x 245 x 37 mm<\/td>\n<\/tr>\n<tr>\n<td style=\"width: 39%; font-weight: bold; padding: 8px;\">Maximum Static Load Limit<\/td>\n<td style=\"width: 2%; padding: 8px;\">:<\/td>\n<td style=\"width: 57%; padding: 8px;\">10.000 KG<\/td>\n<\/tr>\n<\/tbody>\n<\/table>","protected":false},"featured_media":29288,"template":"","meta":[],"product_brand":[],"product_cat":[102],"product_tag":[],"class_list":{"0":"post-29129","1":"product","2":"type-product","3":"status-publish","4":"has-post-thumbnail","6":"product_cat-kablosuz-sistem","8":"first","9":"instock","10":"shipping-taxable","11":"product-type-simple"},"_links":{"self":[{"href":"https:\/\/www.kontal.com\/en\/wp-json\/wp\/v2\/product\/29129","targetHints":{"allow":["GET"]}}],"collection":[{"href":"https:\/\/www.kontal.com\/en\/wp-json\/wp\/v2\/product"}],"about":[{"href":"https:\/\/www.kontal.com\/en\/wp-json\/wp\/v2\/types\/product"}],"version-history":[{"count":4,"href":"https:\/\/www.kontal.com\/en\/wp-json\/wp\/v2\/product\/29129\/revisions"}],"predecessor-version":[{"id":30262,"href":"https:\/\/www.kontal.com\/en\/wp-json\/wp\/v2\/product\/29129\/revisions\/30262"}],"wp:featuredmedia":[{"embeddable":true,"href":"https:\/\/www.kontal.com\/en\/wp-json\/wp\/v2\/media\/29288"}],"wp:attachment":[{"href":"https:\/\/www.kontal.com\/en\/wp-json\/wp\/v2\/media?parent=29129"}],"wp:term":[{"taxonomy":"product_brand","embeddable":true,"href":"https:\/\/www.kontal.com\/en\/wp-json\/wp\/v2\/product_brand?post=29129"},{"taxonomy":"product_cat","embeddable":true,"href":"https:\/\/www.kontal.com\/en\/wp-json\/wp\/v2\/product_cat?post=29129"},{"taxonomy":"product_tag","embeddable":true,"href":"https:\/\/www.kontal.com\/en\/wp-json\/wp\/v2\/product_tag?post=29129"}],"curies":[{"name":"wp","href":"https:\/\/api.w.org\/{rel}","templated":true}]}}