{"id":29186,"date":"2026-02-04T18:10:13","date_gmt":"2026-02-04T18:10:13","guid":{"rendered":"https:\/\/pelleblinds.com\/12\/?post_type=product&#038;p=29186"},"modified":"2026-02-04T18:11:30","modified_gmt":"2026-02-04T18:11:30","slug":"caf1s-tek-gozlu-cam-kapi-fotoseli","status":"publish","type":"product","link":"https:\/\/www.kontal.com\/en\/product\/caf1s-tek-gozlu-cam-kapi-fotoseli\/","title":{"rendered":"CAF1S - Single Eye Glass Door Photocell"},"content":{"rendered":"<div>Tek kanall\u0131 cam kap\u0131 fotoseli, g\u00fcvenlik ve kontrol amac\u0131yla \u00fcretilmi\u015f, k\u0131z\u0131l \u00f6tesi sinyaller ile al\u0131c\u0131 ve verici olarak \u00e7al\u0131\u015fan bir \u00fcnitedir. Al\u0131c\u0131 ve verici g\u00f6zlerin birbirlerini g\u00f6recek \u015fekilde montaj edilmesi ile sistem kurulur. G\u00f6zlerin aras\u0131na engel girmesi ile kart \u00fczerinde \u00e7\u0131k\u0131\u015f al\u0131n\u0131r. Kablo uzunlu\u011fu 6 metre, \u00e7al\u0131\u015fma voltaj\u0131 15 &#8211; 40V DC dir. \u00c7al\u0131\u015fma mesafesi 10 metredir. Ayar trimpotu ile\u00a0 vericinin sinyal g\u00fcc\u00fc artt\u0131r\u0131l\u0131p azalt\u0131labilir. G\u00f6z kablolar\u0131nda soketli veya soketsiz se\u00e7enekler mevcuttur.<\/div>\n<div><\/div>\n<div>Usage Areas ;<\/div>\n<ul>\n<li>Automatic glass door systems<\/li>\n<li>Industrial door and fast pvc door systems<\/li>\n<li>Safety barriers<\/li>\n<li>Turnstile systems<\/li>\n<\/ul>\n<hr style=\"width: 30%;\" \/>\n<p><a href=\"https:\/\/drive.google.com\/open?id=1onCRgN9k13ddEnZotrXiSfb0DxGavtFc\" target=\"_blank\" rel=\"noopener noreferrer\"><img decoding=\"async\" src=\"http:\/\/www.kontal.com\/wp-content\/uploads\/2018\/03\/pdf-icon-png-16x16-pictures-26.png\" width=\"30px\" \/> <\/a>Turkish User Manual<\/p>\n<hr style=\"width: 30%;\" \/>\n<p><a href=\"https:\/\/drive.google.com\/open?id=1i4Je7lW_vBnt0K5BEH6W_ejjFFNQjq6c\" target=\"_blank\" rel=\"noopener noreferrer\"><img decoding=\"async\" src=\"http:\/\/www.kontal.com\/wp-content\/uploads\/2018\/03\/pdf-icon-png-16x16-pictures-26.png\" width=\"30px\" \/> <\/a>English User Manual<\/p>","protected":false},"excerpt":{"rendered":"<table width=\"100%\">\n<tbody>\n<tr>\n<td width=\"36%\"><strong>Model<\/strong><\/td>\n<td width=\"2%\"><strong>:<\/strong><\/td>\n<td width=\"30%\"><strong>CAF1S<\/strong><\/td>\n<\/tr>\n<tr>\n<td width=\"36%\"><strong>Product Code<\/strong><\/td>\n<td width=\"2%\">:<\/td>\n<td width=\"30%\">K051-01<\/td>\n<\/tr>\n<tr>\n<td width=\"36%\"><strong>Operating Voltage<\/strong><\/td>\n<td width=\"2%\">:<\/td>\n<td width=\"30%\">15 - 40V DC<\/td>\n<\/tr>\n<tr>\n<td width=\"36%\"><strong>Operation Current<\/strong><\/td>\n<td width=\"2%\">:<\/td>\n<td width=\"30%\">15mA @24V DC<\/td>\n<\/tr>\n<tr>\n<td width=\"36%\"><strong>Number of Eyes (Zone, Beam)<\/strong><\/td>\n<td width=\"2%\">:<\/td>\n<td width=\"30%\">1<\/td>\n<\/tr>\n<tr>\n<td width=\"36%\"><strong>Eye (Zone, Beam) Cable Length<\/strong><\/td>\n<td width=\"2%\">:<\/td>\n<td width=\"30%\">6m<\/td>\n<\/tr>\n<tr>\n<td width=\"36%\"><strong>Eye (Zone, Beam) Operating Frequency<\/strong><\/td>\n<td width=\"2%\">:<\/td>\n<td width=\"30%\">38kHz<\/td>\n<\/tr>\n<tr>\n<td width=\"36%\"><strong>Min. Contact Withdrawal Time<\/strong><\/td>\n<td width=\"2%\">:<\/td>\n<td width=\"30%\">350ms<\/td>\n<\/tr>\n<tr>\n<td width=\"36%\"><strong>Max. Working Distance<\/strong><\/td>\n<td width=\"2%\">:<\/td>\n<td width=\"30%\">10m<\/td>\n<\/tr>\n<tr>\n<td width=\"36%\"><strong>Contact Type<\/strong><\/td>\n<td width=\"2%\">:<\/td>\n<td width=\"30%\">Dry Contact NO\/NC<\/td>\n<\/tr>\n<tr>\n<td width=\"36%\"><strong>Max. Contact Power<\/strong><\/td>\n<td width=\"2%\">:<\/td>\n<td width=\"30%\">60V DC 1A, 60V AC 1A<\/td>\n<\/tr>\n<tr>\n<td width=\"36%\"><strong>Weight<\/strong><\/td>\n<td width=\"2%\">:<\/td>\n<td width=\"30%\">71gr<\/td>\n<\/tr>\n<tr>\n<td width=\"36%\"><strong>Dimensions <\/strong>(Width x Length x Depth)<\/td>\n<td width=\"2%\">:<\/td>\n<td width=\"30%\">63 x 104 x 26.5mm<\/td>\n<\/tr>\n<\/tbody>\n<\/table>","protected":false},"featured_media":29323,"template":"","meta":[],"product_brand":[],"product_cat":[99],"product_tag":[],"class_list":{"0":"post-29186","1":"product","2":"type-product","3":"status-publish","4":"has-post-thumbnail","6":"product_cat-fotoseller","8":"first","9":"instock","10":"shipping-taxable","11":"product-type-simple"},"_links":{"self":[{"href":"https:\/\/www.kontal.com\/en\/wp-json\/wp\/v2\/product\/29186","targetHints":{"allow":["GET"]}}],"collection":[{"href":"https:\/\/www.kontal.com\/en\/wp-json\/wp\/v2\/product"}],"about":[{"href":"https:\/\/www.kontal.com\/en\/wp-json\/wp\/v2\/types\/product"}],"version-history":[{"count":1,"href":"https:\/\/www.kontal.com\/en\/wp-json\/wp\/v2\/product\/29186\/revisions"}],"predecessor-version":[{"id":29324,"href":"https:\/\/www.kontal.com\/en\/wp-json\/wp\/v2\/product\/29186\/revisions\/29324"}],"wp:featuredmedia":[{"embeddable":true,"href":"https:\/\/www.kontal.com\/en\/wp-json\/wp\/v2\/media\/29323"}],"wp:attachment":[{"href":"https:\/\/www.kontal.com\/en\/wp-json\/wp\/v2\/media?parent=29186"}],"wp:term":[{"taxonomy":"product_brand","embeddable":true,"href":"https:\/\/www.kontal.com\/en\/wp-json\/wp\/v2\/product_brand?post=29186"},{"taxonomy":"product_cat","embeddable":true,"href":"https:\/\/www.kontal.com\/en\/wp-json\/wp\/v2\/product_cat?post=29186"},{"taxonomy":"product_tag","embeddable":true,"href":"https:\/\/www.kontal.com\/en\/wp-json\/wp\/v2\/product_tag?post=29186"}],"curies":[{"name":"wp","href":"https:\/\/api.w.org\/{rel}","templated":true}]}}