{"id":29356,"date":"2026-02-04T18:11:47","date_gmt":"2026-02-04T18:11:47","guid":{"rendered":"https:\/\/pelleblinds.com\/12\/?post_type=product&#038;p=29356"},"modified":"2026-02-05T12:09:30","modified_gmt":"2026-02-05T12:09:30","slug":"qulp-x-qulp-kumanda-programlama-cihazi","status":"publish","type":"product","link":"https:\/\/www.kontal.com\/en\/product\/qulp-x-qulp-kumanda-programlama-cihazi\/","title":{"rendered":"Qulp X - Qulp Control Programming Device"},"content":{"rendered":"<p>QULP LCD CODER is a programming device used for programming your qulp model controllers and reading the programmed controllers.<\/p>\n<hr style=\"width: 30%;\" \/>\n<p><a href=\"https:\/\/drive.google.com\/file\/d\/1iVie3lrAj2rLaj05FF998hgsWObgcvVX\/view?usp=sharing\" target=\"_blank\" rel=\"noopener\"><img decoding=\"async\" src=\"http:\/\/www.kontal.com\/wp-content\/uploads\/2018\/03\/pdf-icon-png-16x16-pictures-26.png\" width=\"30px\" \/> <\/a>Turkish User Manual<\/p>\n<hr style=\"width: 30%;\" \/>\n<p><a href=\"https:\/\/drive.google.com\/file\/d\/1Hrb2QwFG0lkxLHPbub2DHjxdgYCF2D9M\/view?usp=sharing\" target=\"_blank\" rel=\"noopener\"><img decoding=\"async\" src=\"http:\/\/www.kontal.com\/wp-content\/uploads\/2018\/03\/pdf-icon-png-16x16-pictures-26.png\" width=\"30px\" \/> <\/a>English User Manual<\/p>","protected":false},"excerpt":{"rendered":"<p>QULP LCD CODER, qulp model kumandalar\u0131n\u0131z\u0131n programlanmas\u0131 ve programl\u0131 kumandalar\u0131n okunmas\u0131 i\u015flemi i\u00e7in kullan\u0131lan programlay\u0131c\u0131 cihazd\u0131r. T\u00fcrk\u00e7e Kullan\u0131m K\u0131lavuzu \u0130ngilizce<\/p>","protected":false},"featured_media":29462,"template":"","meta":[],"product_brand":[],"product_cat":[91],"product_tag":[],"class_list":{"0":"post-29356","1":"product","2":"type-product","3":"status-publish","4":"has-post-thumbnail","6":"product_cat-aksesuarlar","8":"first","9":"instock","10":"shipping-taxable","11":"product-type-simple"},"_links":{"self":[{"href":"https:\/\/www.kontal.com\/en\/wp-json\/wp\/v2\/product\/29356","targetHints":{"allow":["GET"]}}],"collection":[{"href":"https:\/\/www.kontal.com\/en\/wp-json\/wp\/v2\/product"}],"about":[{"href":"https:\/\/www.kontal.com\/en\/wp-json\/wp\/v2\/types\/product"}],"version-history":[{"count":1,"href":"https:\/\/www.kontal.com\/en\/wp-json\/wp\/v2\/product\/29356\/revisions"}],"predecessor-version":[{"id":29463,"href":"https:\/\/www.kontal.com\/en\/wp-json\/wp\/v2\/product\/29356\/revisions\/29463"}],"wp:featuredmedia":[{"embeddable":true,"href":"https:\/\/www.kontal.com\/en\/wp-json\/wp\/v2\/media\/29462"}],"wp:attachment":[{"href":"https:\/\/www.kontal.com\/en\/wp-json\/wp\/v2\/media?parent=29356"}],"wp:term":[{"taxonomy":"product_brand","embeddable":true,"href":"https:\/\/www.kontal.com\/en\/wp-json\/wp\/v2\/product_brand?post=29356"},{"taxonomy":"product_cat","embeddable":true,"href":"https:\/\/www.kontal.com\/en\/wp-json\/wp\/v2\/product_cat?post=29356"},{"taxonomy":"product_tag","embeddable":true,"href":"https:\/\/www.kontal.com\/en\/wp-json\/wp\/v2\/product_tag?post=29356"}],"curies":[{"name":"wp","href":"https:\/\/api.w.org\/{rel}","templated":true}]}}